{"id":29,"date":"2025-05-23T14:50:32","date_gmt":"2025-05-23T14:50:32","guid":{"rendered":"https:\/\/ventronic.com\/?page_id=29"},"modified":"2025-06-26T13:30:46","modified_gmt":"2025-06-26T13:30:46","slug":"ueber-uns","status":"publish","type":"page","link":"https:\/\/ventronic.com\/en\/ueber-uns\/","title":{"rendered":"About us"},"content":{"rendered":"<p>[et_pb_section fb_built=&#8220;1&#8243; _builder_version=&#8220;4.27.4&#8243; _module_preset=&#8220;default&#8220; background_color=&#8220;rgba(0,0,0,0.5)&#8220; background_image=&#8220;https:\/\/ventronic.com\/wp-content\/uploads\/2025\/05\/pexels-startup-stock-photos-212286-scaled.jpg&#8220; background_blend=&#8220;overlay&#8220; height=&#8220;400px&#8220; height_tablet=&#8220;400px&#8220; height_phone=&#8220;200px&#8220; height_last_edited=&#8220;on|phone&#8220; custom_padding=&#8220;0px||0px||false|false&#8220; global_colors_info=&#8220;{}&#8220;][et_pb_row use_custom_gutter=&#8220;on&#8220; make_equal=&#8220;on&#8220; _builder_version=&#8220;4.27.4&#8243; _module_preset=&#8220;default&#8220; min_height=&#8220;400px&#8220; min_height_tablet=&#8220;400px&#8220; min_height_phone=&#8220;200px&#8220; min_height_last_edited=&#8220;on|desktop&#8220; height=&#8220;400px&#8220; height_tablet=&#8220;400px&#8220; height_phone=&#8220;200px&#8220; height_last_edited=&#8220;on|phone&#8220; custom_css_main_element=&#8220;display: flex;||align-items: center;||height: auto;&#8220; global_colors_info=&#8220;{}&#8220;][et_pb_column type=&#8220;4_4&#8243; _builder_version=&#8220;4.27.4&#8243; _module_preset=&#8220;default&#8220; custom_css_main_element=&#8220;display: flex;||align-items: center;||height: auto;&#8220; global_colors_info=&#8220;{}&#8220;][et_pb_heading title=&#8220;\u00dcber Uns&#8220; _builder_version=&#8220;4.27.4&#8243; _module_preset=&#8220;default&#8220; title_font=&#8220;OakSans-Black||||||||&#8220; title_text_color=&#8220;#FFFFFF&#8220; title_font_size=&#8220;70px&#8220; hover_enabled=&#8220;0&#8243; title_font_size_tablet=&#8220;70px&#8220; title_font_size_phone=&#8220;40px&#8220; title_font_size_last_edited=&#8220;on|phone&#8220; global_colors_info=&#8220;{}&#8220; sticky_enabled=&#8220;0&#8243;][\/et_pb_heading][\/et_pb_column][\/et_pb_row][\/et_pb_section][et_pb_section fb_built=&#8220;1&#8243; disabled_on=&#8220;on|on|off&#8220; _builder_version=&#8220;4.27.4&#8243; _module_preset=&#8220;default&#8220; global_colors_info=&#8220;{}&#8220;][et_pb_row column_structure=&#8220;1_2,1_2&#8243; use_custom_gutter=&#8220;on&#8220; make_equal=&#8220;on&#8220; _builder_version=&#8220;4.27.4&#8243; _module_preset=&#8220;default&#8220; global_colors_info=&#8220;{}&#8220;][et_pb_column type=&#8220;1_2&#8243; _builder_version=&#8220;4.27.4&#8243; _module_preset=&#8220;default&#8220; custom_padding=&#8220;50px|50px|50px|50px|false|false&#8220; border_radii=&#8220;on|4px|4px|4px|4px&#8220; box_shadow_style=&#8220;preset1&#8243; box_shadow_vertical=&#8220;0px&#8220; box_shadow_blur=&#8220;10px&#8220; box_shadow_color=&#8220;rgba(0,0,0,0.2)&#8220; global_colors_info=&#8220;{}&#8220;][et_pb_heading title=&#8220;Das sind wir&#8220; _builder_version=&#8220;4.27.4&#8243; _module_preset=&#8220;default&#8220; title_font=&#8220;OakSans-Black|||on|||||&#8220; title_text_color=&#8220;gcid-e8615844-0f44-46b8-9e8b-4a11120f0458&#8243; title_font_size=&#8220;20px&#8220; hover_enabled=&#8220;0&#8243; global_colors_info=&#8220;{%22gcid-e8615844-0f44-46b8-9e8b-4a11120f0458%22:%91%22title_text_color%22%93}&#8220; title_level=&#8220;h4&#8243; sticky_enabled=&#8220;0&#8243;][\/et_pb_heading][et_pb_heading title=&#8220;Technologie mit Substanz \u2013 seit \u00fcber 20 Jahren&#8220; _builder_version=&#8220;4.27.4&#8243; _module_preset=&#8220;default&#8220; title_font=&#8220;OakSans-Bold||||||||&#8220; hover_enabled=&#8220;0&#8243; global_colors_info=&#8220;{}&#8220; title_level=&#8220;h2&#8243; custom_css_free_form=&#8220;selector h2 {||  font-size: 30px !important;||}&#8220; sticky_enabled=&#8220;0&#8243;][\/et_pb_heading][et_pb_text _builder_version=&#8220;4.27.4&#8243; _module_preset=&#8220;default&#8220; text_font=&#8220;OakSans-Light||||||||&#8220; text_font_size=&#8220;18px&#8220; custom_margin=&#8220;||40px||false|false&#8220; hover_enabled=&#8220;0&#8243; global_colors_info=&#8220;{}&#8220; sticky_enabled=&#8220;0&#8243;]<\/p>\n<p class=\"p1\">H\u00f6fer Ventronic GmbH has stood for reliable embedded systems, customized control solutions, and robust automation technology for decades. Our roots go back to automation engineering in the 1980s \u2013 today, we combine that experience with modern technologies, agile methods, and a highly innovative team.<\/p>\n<p>[\/et_pb_text][et_pb_blurb title=&#8220;Erfahrung, die Vertrauen schafft&#8220; image=&#8220;https:\/\/ventronic.com\/wp-content\/uploads\/2025\/05\/number1.png&#8220; icon_placement=&#8220;left&#8220; _builder_version=&#8220;4.27.4&#8243; _module_preset=&#8220;default&#8220; header_font=&#8220;OakSans-Bold||||||||&#8220; header_font_size=&#8220;18px&#8220; body_font=&#8220;OakSans-Light||||||||&#8220; body_font_size=&#8220;16px&#8220; hover_enabled=&#8220;0&#8243; global_colors_info=&#8220;{}&#8220; sticky_enabled=&#8220;0&#8243;]<\/p>\n<p class=\"p1\">For over two decades, we have been developing embedded systems for a wide range of applications \u2013 reliable, stable, and proven in practice<\/p>\n<p>[\/et_pb_blurb][et_pb_blurb title=&#8220;Technologie mit Weitblick&#8220; image=&#8220;https:\/\/ventronic.com\/wp-content\/uploads\/2025\/05\/number2.png&#8220; icon_placement=&#8220;left&#8220; _builder_version=&#8220;4.27.4&#8243; _module_preset=&#8220;default&#8220; header_font=&#8220;OakSans-Bold||||||||&#8220; header_font_size=&#8220;18px&#8220; body_font=&#8220;OakSans-Light||||||||&#8220; body_font_size=&#8220;16px&#8220; hover_enabled=&#8220;0&#8243; global_colors_info=&#8220;{}&#8220; sticky_enabled=&#8220;0&#8243;]<\/p>\n<p class=\"p1\">Our solutions combine modern development methods with future-ready hardware \u2013 for smart controls, telemetry, and networked systems.<\/p>\n<p>[\/et_pb_blurb][et_pb_blurb title=&#8220;Individuell statt von der Stange&#8220; image=&#8220;https:\/\/ventronic.com\/wp-content\/uploads\/2025\/05\/number3.png&#8220; icon_placement=&#8220;left&#8220; _builder_version=&#8220;4.27.4&#8243; _module_preset=&#8220;default&#8220; header_font=&#8220;OakSans-Bold||||||||&#8220; header_font_size=&#8220;18px&#8220; body_font=&#8220;OakSans-Light||||||||&#8220; body_font_size=&#8220;16px&#8220; custom_margin=&#8220;||40px||false|false&#8220; hover_enabled=&#8220;0&#8243; global_colors_info=&#8220;{}&#8220; sticky_enabled=&#8220;0&#8243;]<\/p>\n<p class=\"p1\">Every project is different \u2013 that\u2019s why we don\u2019t deliver standards, but customized systems, exactly matched to our customers\u2019 requirements.<\/p>\n<p>[\/et_pb_blurb][et_pb_button button_url=&#8220;https:\/\/ventronic.com#contact-mobile&#8220; button_text=&#8220;Jetzt Kontakt aufnehmen&#8220; button_alignment=&#8220;center&#8220; _builder_version=&#8220;4.27.4&#8243; _module_preset=&#8220;default&#8220; custom_button=&#8220;on&#8220; button_text_size=&#8220;16px&#8220; button_text_color=&#8220;#FFFFFF&#8220; button_bg_color=&#8220;gcid-e8615844-0f44-46b8-9e8b-4a11120f0458&#8243; button_border_width=&#8220;0px&#8220; button_border_radius=&#8220;4px&#8220; button_font=&#8220;OakSans-Bold||||||||&#8220; global_colors_info=&#8220;{%22gcid-e8615844-0f44-46b8-9e8b-4a11120f0458%22:%91%22button_bg_color%22%93}&#8220;][\/et_pb_button][\/et_pb_column][et_pb_column type=&#8220;1_2&#8243; _builder_version=&#8220;4.27.4&#8243; _module_preset=&#8220;default&#8220; custom_padding=&#8220;50px|50px|50px|50px|false|false&#8220; border_radii=&#8220;on|4px|4px|4px|4px&#8220; box_shadow_style=&#8220;preset1&#8243; box_shadow_vertical=&#8220;0px&#8220; box_shadow_blur=&#8220;10px&#8220; box_shadow_color=&#8220;rgba(0,0,0,0.2)&#8220; global_colors_info=&#8220;{}&#8220;][et_pb_image src=&#8220;https:\/\/ventronic.com\/wp-content\/uploads\/2025\/05\/alterer-mann-mit-ausrustung-zum-loten-zuhause-arbeiten-scaled.jpg&#8220; title_text=&#8220;Male tech repairs electronic equipment at home&#8220; _builder_version=&#8220;4.27.4&#8243; _module_preset=&#8220;default&#8220; border_radii=&#8220;on|4px|4px|4px|4px&#8220; global_colors_info=&#8220;{}&#8220;][\/et_pb_image][et_pb_heading title=&#8220;Unsere Systeme laufen dort, wo andere an Grenzen sto\u00dfen.&#8220; _builder_version=&#8220;4.27.4&#8243; _module_preset=&#8220;default&#8220; title_font=&#8220;OakSans-Bold||||||||&#8220; title_font_size=&#8220;25px&#8220; hover_enabled=&#8220;0&#8243; global_colors_info=&#8220;{}&#8220; title_level=&#8220;h3&#8243; sticky_enabled=&#8220;0&#8243;][\/et_pb_heading][et_pb_text _builder_version=&#8220;4.27.4&#8243; _module_preset=&#8220;default&#8220; text_font=&#8220;OakSans-Light||||||||&#8220; text_font_size=&#8220;18px&#8220; global_colors_info=&#8220;{}&#8220;]<\/p>\n<p class=\"p1\">We develop, integrate and support systems that work - around the clock, under real conditions, with an absolute focus on quality and efficiency. We do not think in terms of standard solutions, but in terms of individual concepts that are precisely matched to our customers.<\/p>\n<p class=\"p2\">\n<p class=\"p1\">Our interdisciplinary team combines in-depth expertise in embedded development, software engineering, communications engineering and IoT. What drives us: a passion for technology, the demand for maximum stability - and the goal of creating simple, reliable solutions from complexity.<\/p>\n<p class=\"p2\">\n<p class=\"p1\">Whether smart machine control, self-checkout systems or telemetry platforms - Ventronic not only provides technology, but also trust.<\/p>\n<p>[\/et_pb_text][\/et_pb_column][\/et_pb_row][\/et_pb_section][et_pb_section fb_built=&#8220;1&#8243; disabled_on=&#8220;off|off|on&#8220; _builder_version=&#8220;4.27.4&#8243; _module_preset=&#8220;default&#8220; global_colors_info=&#8220;{}&#8220;][et_pb_row use_custom_gutter=&#8220;on&#8220; make_equal=&#8220;on&#8220; _builder_version=&#8220;4.27.4&#8243; _module_preset=&#8220;default&#8220; global_colors_info=&#8220;{}&#8220;][et_pb_column type=&#8220;4_4&#8243; _builder_version=&#8220;4.27.4&#8243; _module_preset=&#8220;default&#8220; custom_padding=&#8220;||||false|false&#8220; border_radii=&#8220;on|4px|4px|4px|4px&#8220; global_colors_info=&#8220;{}&#8220;][et_pb_heading title=&#8220;Das sind wir&#8220; _builder_version=&#8220;4.27.4&#8243; _module_preset=&#8220;default&#8220; title_font=&#8220;OakSans-Black|||on|||||&#8220; title_text_color=&#8220;gcid-e8615844-0f44-46b8-9e8b-4a11120f0458&#8243; title_font_size=&#8220;16px&#8220; custom_margin=&#8220;||10px||false|false&#8220; hover_enabled=&#8220;0&#8243; global_colors_info=&#8220;{%22gcid-e8615844-0f44-46b8-9e8b-4a11120f0458%22:%91%22title_text_color%22%93}&#8220; title_level=&#8220;h4&#8243; sticky_enabled=&#8220;0&#8243;][\/et_pb_heading][et_pb_heading title=&#8220;Technologie mit Substanz \u2013 seit \u00fcber 20 Jahren&#8220; _builder_version=&#8220;4.27.4&#8243; _module_preset=&#8220;default&#8220; title_font=&#8220;OakSans-Bold||||||||&#8220; title_font_size=&#8220;25px&#8220; custom_margin=&#8220;||10px||false|false&#8220; hover_enabled=&#8220;0&#8243; global_colors_info=&#8220;{}&#8220; title_level=&#8220;h2&#8243; sticky_enabled=&#8220;0&#8243;][\/et_pb_heading][et_pb_text _builder_version=&#8220;4.27.4&#8243; _module_preset=&#8220;default&#8220; text_font=&#8220;OakSans-Light||||||||&#8220; text_font_size=&#8220;16px&#8220; custom_margin=&#8220;||40px||false|false&#8220; global_colors_info=&#8220;{}&#8220;]<\/p>\n<p class=\"p1\">H\u00f6fer Ventronic GmbH has stood for reliable embedded systems, customized control solutions, and robust automation technology for decades. Our roots go back to automation engineering in the 1980s \u2013 today, we combine that experience with modern technologies, agile methods, and a highly innovative team.<\/p>\n<p>[\/et_pb_text][et_pb_blurb title=&#8220;Erfahrung, die Vertrauen schafft&#8220; image=&#8220;https:\/\/ventronic.com\/wp-content\/uploads\/2025\/05\/number1.png&#8220; icon_placement=&#8220;left&#8220; _builder_version=&#8220;4.27.4&#8243; _module_preset=&#8220;default&#8220; header_font=&#8220;OakSans-Bold||||||||&#8220; header_font_size=&#8220;18px&#8220; body_font=&#8220;OakSans-Light||||||||&#8220; body_font_size=&#8220;16px&#8220; hover_enabled=&#8220;0&#8243; global_colors_info=&#8220;{}&#8220; sticky_enabled=&#8220;0&#8243;]<\/p>\n<p class=\"p1\">For over two decades, we have been developing embedded systems for a wide range of applications \u2013 reliable, stable, and proven in practice<\/p>\n<p>[\/et_pb_blurb][et_pb_blurb title=&#8220;Technologie mit Weitblick&#8220; image=&#8220;https:\/\/ventronic.com\/wp-content\/uploads\/2025\/05\/number2.png&#8220; icon_placement=&#8220;left&#8220; _builder_version=&#8220;4.27.4&#8243; _module_preset=&#8220;default&#8220; header_font=&#8220;OakSans-Bold||||||||&#8220; header_font_size=&#8220;18px&#8220; body_font=&#8220;OakSans-Light||||||||&#8220; body_font_size=&#8220;16px&#8220; hover_enabled=&#8220;0&#8243; global_colors_info=&#8220;{}&#8220; sticky_enabled=&#8220;0&#8243;]<\/p>\n<p class=\"p1\">Our solutions combine modern development methods with future-ready hardware \u2013 for smart controls, telemetry, and networked systems.<\/p>\n<p>[\/et_pb_blurb][et_pb_blurb title=&#8220;Individuell statt von der Stange&#8220; image=&#8220;https:\/\/ventronic.com\/wp-content\/uploads\/2025\/05\/number3.png&#8220; icon_placement=&#8220;left&#8220; _builder_version=&#8220;4.27.4&#8243; _module_preset=&#8220;default&#8220; header_font=&#8220;OakSans-Bold||||||||&#8220; header_font_size=&#8220;18px&#8220; body_font=&#8220;OakSans-Light||||||||&#8220; body_font_size=&#8220;16px&#8220; custom_margin=&#8220;||40px||false|false&#8220; hover_enabled=&#8220;0&#8243; global_colors_info=&#8220;{}&#8220; sticky_enabled=&#8220;0&#8243;]<\/p>\n<p class=\"p1\">Every project is different \u2013 that\u2019s why we don\u2019t deliver standards, but customized systems, exactly matched to our customers\u2019 requirements.<\/p>\n<p>[\/et_pb_blurb][et_pb_button button_url=&#8220;https:\/\/ventronic.com#contact-mobile&#8220; button_text=&#8220;Jetzt Kontakt aufnehmen&#8220; button_alignment=&#8220;center&#8220; _builder_version=&#8220;4.27.4&#8243; _module_preset=&#8220;default&#8220; custom_button=&#8220;on&#8220; button_text_size=&#8220;16px&#8220; button_text_color=&#8220;#FFFFFF&#8220; button_bg_color=&#8220;gcid-e8615844-0f44-46b8-9e8b-4a11120f0458&#8243; button_border_width=&#8220;0px&#8220; button_border_radius=&#8220;4px&#8220; button_font=&#8220;OakSans-Bold||||||||&#8220; custom_margin=&#8220;||50px||false|false&#8220; global_colors_info=&#8220;{%22gcid-e8615844-0f44-46b8-9e8b-4a11120f0458%22:%91%22button_bg_color%22%93}&#8220;][\/et_pb_button][et_pb_image src=&#8220;https:\/\/ventronic.com\/wp-content\/uploads\/2025\/05\/alterer-mann-mit-ausrustung-zum-loten-zuhause-arbeiten-scaled.jpg&#8220; title_text=&#8220;Male tech repairs electronic equipment at home&#8220; _builder_version=&#8220;4.27.4&#8243; _module_preset=&#8220;default&#8220; border_radii=&#8220;on|4px|4px|4px|4px&#8220; global_colors_info=&#8220;{}&#8220;][\/et_pb_image][et_pb_heading title=&#8220;Unsere Systeme laufen dort, wo andere an Grenzen sto\u00dfen.&#8220; _builder_version=&#8220;4.27.4&#8243; _module_preset=&#8220;default&#8220; title_font=&#8220;OakSans-Bold||||||||&#8220; title_font_size=&#8220;25px&#8220; hover_enabled=&#8220;0&#8243; global_colors_info=&#8220;{}&#8220; title_level=&#8220;h3&#8243; sticky_enabled=&#8220;0&#8243;][\/et_pb_heading][et_pb_text _builder_version=&#8220;4.27.4&#8243; _module_preset=&#8220;default&#8220; text_font=&#8220;OakSans-Light||||||||&#8220; text_font_size=&#8220;16px&#8220; global_colors_info=&#8220;{}&#8220;]<\/p>\n<p class=\"p1\">We develop, integrate and support systems that work - around the clock, under real conditions, with an absolute focus on quality and efficiency. We do not think in terms of standard solutions, but in terms of individual concepts that are precisely matched to our customers.<\/p>\n<p class=\"p2\">\n<p class=\"p1\">Our interdisciplinary team combines in-depth expertise in embedded development, software engineering, communications engineering and IoT. What drives us: a passion for technology, the demand for maximum stability - and the goal of creating simple, reliable solutions from complexity.<\/p>\n<p class=\"p2\">\n<p class=\"p1\">Whether smart machine control, self-checkout systems or telemetry platforms - Ventronic not only provides technology, but also trust.<\/p>\n<p>[\/et_pb_text][\/et_pb_column][\/et_pb_row][\/et_pb_section][et_pb_section fb_built=&#8220;1&#8243; _builder_version=&#8220;4.27.4&#8243; _module_preset=&#8220;default&#8220; background_color=&#8220;gcid-e8615844-0f44-46b8-9e8b-4a11120f0458&#8243; background_enable_pattern_style=&#8220;on&#8220; background_pattern_style=&#8220;tufted&#8220; global_colors_info=&#8220;{%22gcid-e8615844-0f44-46b8-9e8b-4a11120f0458%22:%91%22background_color%22%93}&#8220;][et_pb_row _builder_version=&#8220;4.27.4&#8243; _module_preset=&#8220;default&#8220; global_colors_info=&#8220;{}&#8220;][et_pb_column type=&#8220;4_4&#8243; _builder_version=&#8220;4.27.4&#8243; _module_preset=&#8220;default&#8220; global_colors_info=&#8220;{}&#8220;][et_pb_heading title=&#8220;Ma\u00dfgeschneiderte Embedded-L\u00f6sungen \u2013 stabil, vernetzt und bereit f\u00fcr den Dauerbetrieb.&#8220; _builder_version=&#8220;4.27.4&#8243; _module_preset=&#8220;default&#8220; title_font=&#8220;OakSans-Bold||||||||&#8220; title_text_align=&#8220;center&#8220; title_text_color=&#8220;#FFFFFF&#8220; title_font_size=&#8220;25px&#8220; hover_enabled=&#8220;0&#8243; global_colors_info=&#8220;{}&#8220; title_level=&#8220;h3&#8243; sticky_enabled=&#8220;0&#8243;][\/et_pb_heading][et_pb_text _builder_version=&#8220;4.27.4&#8243; _module_preset=&#8220;default&#8220; text_font=&#8220;OakSans-Regular||||||||&#8220; text_text_color=&#8220;#FFFFFF&#8220; text_font_size=&#8220;16px&#8220; text_orientation=&#8220;center&#8220; hover_enabled=&#8220;0&#8243; global_colors_info=&#8220;{}&#8220; sticky_enabled=&#8220;0&#8243;]<\/p>\n<p class=\"p1\">For over 20 years, Ventronic has stood for durable technology, individual solutions and stable system architectures. From the initial idea to a product that runs continuously, we support our customers with technical depth, experience and a spirit of innovation.<\/p>\n<p>[\/et_pb_text][\/et_pb_column][\/et_pb_row][\/et_pb_section][et_pb_section fb_built=&#8220;1&#8243; _builder_version=&#8220;4.27.4&#8243; _module_preset=&#8220;default&#8220; global_colors_info=&#8220;{}&#8220;][et_pb_row _builder_version=&#8220;4.27.4&#8243; _module_preset=&#8220;default&#8220; height=&#8220;20px&#8220; global_colors_info=&#8220;{}&#8220;][et_pb_column type=&#8220;4_4&#8243; _builder_version=&#8220;4.27.4&#8243; _module_preset=&#8220;default&#8220; global_colors_info=&#8220;{}&#8220;][\/et_pb_column][\/et_pb_row][\/et_pb_section]<\/p>","protected":false},"excerpt":{"rendered":"<p>Die H\u00f6fer Ventronic GmbH steht seit Jahrzehnten f\u00fcr zuverl\u00e4ssige Embedded-Systeme, ma\u00dfgeschneiderte Steuerungsl\u00f6sungen und stabile Automatisierungstechnik. Unsere Wurzeln reichen zur\u00fcck in die Automatentechnik der 1980er Jahre \u2013 heute verbinden wir diese Erfahrung mit modernen Technologien, agilen Methoden und einem innovationsstarken Team.Seit \u00fcber zwei Jahrzehnten entwickeln wir Embedded-Systeme f\u00fcr unterschiedlichste Anwendungen \u2013 zuverl\u00e4ssig, stabil und praxiserprobt.Unsere L\u00f6sungen [&hellip;]<\/p>","protected":false},"author":1,"featured_media":0,"parent":0,"menu_order":0,"comment_status":"closed","ping_status":"closed","template":"","meta":{"_et_pb_use_builder":"on","_et_pb_old_content":"<!-- wp:divi\/placeholder \/-->","_et_gb_content_width":"","footnotes":""},"class_list":["post-29","page","type-page","status-publish","hentry"],"_links":{"self":[{"href":"https:\/\/ventronic.com\/en\/wp-json\/wp\/v2\/pages\/29","targetHints":{"allow":["GET"]}}],"collection":[{"href":"https:\/\/ventronic.com\/en\/wp-json\/wp\/v2\/pages"}],"about":[{"href":"https:\/\/ventronic.com\/en\/wp-json\/wp\/v2\/types\/page"}],"author":[{"embeddable":true,"href":"https:\/\/ventronic.com\/en\/wp-json\/wp\/v2\/users\/1"}],"replies":[{"embeddable":true,"href":"https:\/\/ventronic.com\/en\/wp-json\/wp\/v2\/comments?post=29"}],"version-history":[{"count":14,"href":"https:\/\/ventronic.com\/en\/wp-json\/wp\/v2\/pages\/29\/revisions"}],"predecessor-version":[{"id":912,"href":"https:\/\/ventronic.com\/en\/wp-json\/wp\/v2\/pages\/29\/revisions\/912"}],"wp:attachment":[{"href":"https:\/\/ventronic.com\/en\/wp-json\/wp\/v2\/media?parent=29"}],"curies":[{"name":"wp","href":"https:\/\/api.w.org\/{rel}","templated":true}]}}