{"id":40,"date":"2025-05-23T14:52:14","date_gmt":"2025-05-23T14:52:14","guid":{"rendered":"https:\/\/ventronic.com\/?page_id=40"},"modified":"2025-06-27T10:18:40","modified_gmt":"2025-06-27T10:18:40","slug":"datenschutz","status":"publish","type":"page","link":"https:\/\/ventronic.com\/en\/datenschutz\/","title":{"rendered":"Privacy Policy"},"content":{"rendered":"<p>[et_pb_section fb_built=&#8220;1&#8243; _builder_version=&#8220;4.27.4&#8243; _module_preset=&#8220;default&#8220; background_color=&#8220;rgba(0,0,0,0.5)&#8220; background_image=&#8220;https:\/\/ventronic.com\/wp-content\/uploads\/2025\/05\/nahaufnahme-des-mannlichen-technikers-computermotherboard-halten-scaled.jpg&#8220; background_blend=&#8220;overlay&#8220; height=&#8220;400px&#8220; height_tablet=&#8220;400px&#8220; height_phone=&#8220;200px&#8220; height_last_edited=&#8220;on|phone&#8220; global_colors_info=&#8220;{}&#8220;][et_pb_row _builder_version=&#8220;4.27.4&#8243; _module_preset=&#8220;default&#8220; global_colors_info=&#8220;{}&#8220;][et_pb_column type=&#8220;4_4&#8243; _builder_version=&#8220;4.27.4&#8243; _module_preset=&#8220;default&#8220; global_colors_info=&#8220;{}&#8220;][\/et_pb_column][\/et_pb_row][\/et_pb_section][et_pb_section fb_built=&#8220;1&#8243; _builder_version=&#8220;4.27.4&#8243; _module_preset=&#8220;default&#8220; global_colors_info=&#8220;{}&#8220;][et_pb_row _builder_version=&#8220;4.27.4&#8243; _module_preset=&#8220;default&#8220; global_colors_info=&#8220;{}&#8220;][et_pb_column type=&#8220;4_4&#8243; _builder_version=&#8220;4.27.4&#8243; _module_preset=&#8220;default&#8220; global_colors_info=&#8220;{}&#8220;][et_pb_heading title=&#8220;Datenschutz&#8220; _builder_version=&#8220;4.27.4&#8243; _module_preset=&#8220;default&#8220; title_font=&#8220;OakSans-Bold||||||||&#8220; hover_enabled=&#8220;0&#8243; title_font_size_tablet=&#8220;60px&#8220; title_font_size_phone=&#8220;30px&#8220; title_font_size_last_edited=&#8220;on|phone&#8220; global_colors_info=&#8220;{}&#8220; sticky_enabled=&#8220;0&#8243;][\/et_pb_heading][et_pb_heading title=&#8220;Allgemeine Hinweise&#8220; _builder_version=&#8220;4.27.4&#8243; _module_preset=&#8220;default&#8220; title_font=&#8220;OakSans-Regular||||||||&#8220; title_font_size=&#8220;25px&#8220; custom_margin=&#8220;||0px||false|false&#8220; custom_padding=&#8220;||0px||false|false&#8220; hover_enabled=&#8220;0&#8243; title_font_size_tablet=&#8220;40px&#8220; title_font_size_phone=&#8220;20px&#8220; title_font_size_last_edited=&#8220;on|phone&#8220; global_colors_info=&#8220;{}&#8220; title_level=&#8220;h3&#8243; sticky_enabled=&#8220;0&#8243;][\/et_pb_heading][et_pb_text _builder_version=&#8220;4.27.4&#8243; _module_preset=&#8220;default&#8220; text_font=&#8220;OakSans-Light||||||||&#8220; text_font_size=&#8220;18px&#8220; text_line_height=&#8220;30px&#8220; header_font=&#8220;OakSans-Light||||||||&#8220; hover_enabled=&#8220;0&#8243; text_font_size_tablet=&#8220;25px&#8220; text_font_size_phone=&#8220;16px&#8220; text_font_size_last_edited=&#8220;on|phone&#8220; text_line_height_tablet=&#8220;30px&#8220; text_line_height_phone=&#8220;&#8220; text_line_height_last_edited=&#8220;on|phone&#8220; header_font_size_tablet=&#8220;&#8220; header_font_size_phone=&#8220;20px&#8220; header_font_size_last_edited=&#8220;on|phone&#8220; global_colors_info=&#8220;{}&#8220; sticky_enabled=&#8220;0&#8243;]<\/p>\n<p>The following information provides a simple overview of what happens to your personal data when you visit this website. Personal data is any data that can be used to identify you personally. Detailed information on the subject of data protection can be found in our data protection declaration listed below this text.<\/p>\n<p>[\/et_pb_text][et_pb_heading title=&#8220;Datenerfassung auf dieser Website&#8220; _builder_version=&#8220;4.27.4&#8243; _module_preset=&#8220;default&#8220; title_font=&#8220;OakSans-Regular||||||||&#8220; title_font_size=&#8220;25px&#8220; custom_margin=&#8220;40px||0px||false|false&#8220; custom_padding=&#8220;||0px||false|false&#8220; hover_enabled=&#8220;0&#8243; title_font_size_tablet=&#8220;40px&#8220; title_font_size_phone=&#8220;20px&#8220; title_font_size_last_edited=&#8220;on|phone&#8220; global_colors_info=&#8220;{}&#8220; title_level=&#8220;h3&#8243; sticky_enabled=&#8220;0&#8243;][\/et_pb_heading][et_pb_text _builder_version=&#8220;4.27.4&#8243; _module_preset=&#8220;default&#8220; text_font=&#8220;OakSans-Light||||||||&#8220; text_font_size=&#8220;18px&#8220; text_line_height=&#8220;30px&#8220; hover_enabled=&#8220;0&#8243; text_font_size_tablet=&#8220;25px&#8220; text_font_size_phone=&#8220;16px&#8220; text_font_size_last_edited=&#8220;on|phone&#8220; text_line_height_tablet=&#8220;30px&#8220; text_line_height_phone=&#8220;&#8220; text_line_height_last_edited=&#8220;on|phone&#8220; global_colors_info=&#8220;{}&#8220; sticky_enabled=&#8220;0&#8243;]<\/p>\n<p><strong>Who is responsible for data collection on this website?<br \/><\/strong>Data processing on this website is carried out by the website operator. You can find the operator's contact details in the \u201cNote on the responsible party\u201d section of this privacy policy.<\/p>\n<p><strong>How do we collect your data?<\/strong><br \/>On the one hand, your data is collected when you provide it to us. This may, for example, be data that you enter in a contact form.<\/p>\n<p>Other data is collected automatically or with your consent by our IT systems when you visit the website. This is primarily technical data (e.g. internet browser, operating system or time of page view). This data is collected automatically as soon as you enter this website.<\/p>\n<p><strong>What do we use your data for?<\/strong><br \/>Some of the data is collected to ensure that the website is provided without errors. Other data can be used to analyze your user behavior.<\/p>\n<p><strong>What rights do you have with regard to your data?<\/strong><br \/>You have the right to receive information about the origin, recipient and purpose of your stored personal data free of charge at any time. You also have the right to request the correction or deletion of this data. If you have given your consent to data processing, you can revoke this consent at any time for the future. You also have the right to request the restriction of the processing of your personal data under certain circumstances. Furthermore, you have the right to lodge a complaint with the competent supervisory authority.<br \/>You can contact us at any time if you have further questions on the subject of data protection.<\/p>\n<p>[\/et_pb_text][et_pb_heading title=&#8220;Hosting&#8220; _builder_version=&#8220;4.27.4&#8243; _module_preset=&#8220;default&#8220; title_font=&#8220;OakSans-Regular||||||||&#8220; title_font_size=&#8220;25px&#8220; custom_margin=&#8220;40px||0px||false|false&#8220; custom_padding=&#8220;||0px||false|false&#8220; hover_enabled=&#8220;0&#8243; title_font_size_tablet=&#8220;40px&#8220; title_font_size_phone=&#8220;20px&#8220; title_font_size_last_edited=&#8220;on|phone&#8220; global_colors_info=&#8220;{}&#8220; title_level=&#8220;h3&#8243; sticky_enabled=&#8220;0&#8243;][\/et_pb_heading][et_pb_text _builder_version=&#8220;4.27.4&#8243; _module_preset=&#8220;default&#8220; text_font=&#8220;OakSans-Light||||||||&#8220; text_font_size=&#8220;18px&#8220; text_line_height=&#8220;30px&#8220; text_font_size_tablet=&#8220;25px&#8220; text_font_size_phone=&#8220;16px&#8220; text_font_size_last_edited=&#8220;on|phone&#8220; text_line_height_tablet=&#8220;30px&#8220; text_line_height_phone=&#8220;&#8220; text_line_height_last_edited=&#8220;on|phone&#8220; global_colors_info=&#8220;{}&#8220;]<\/p>\n<p>We host the content of our website with the following provider:<\/p>\n<p><strong>STRATO<\/strong><br \/>The provider is STRATO GmbH, Otto-Ostrowski-Stra\u00dfe 7, 10249 Berlin (hereinafter referred to as STRATO). When you visit our website, STRATO collects various log files including your IP addresses.<\/p>\n<p>Details can be found in STRATO's privacy policy: https:\/\/www.strato.de\/datenschutz\/.<\/p>\n<p>The use of STRATO is based on Art. 6 para. 1 lit. f GDPR. We have a legitimate interest in displaying our website as reliably as possible. If a corresponding consent has been requested, the processing is carried out exclusively on the basis of Art. 6 para. 1 lit. a GDPR and \u00a7 25 para. 1 TTDSG, insofar as the consent includes the storage of cookies or access to information in the user's terminal device (e.g. for device fingerprinting) within the meaning of the TTDSG. Consent can be revoked at any time.<\/p>\n<p><strong>Order processing<\/strong><br \/>We have concluded a data processing agreement (DPA) for the use of the above-mentioned service. This is a contract prescribed by data protection law, which ensures that it processes the personal data of our website visitors only in accordance with our instructions and in compliance with the GDPR.<\/p>\n<p>[\/et_pb_text][et_pb_heading title=&#8220;Allgemeine Hinweise und Pflichtinformationen&#8220; title_last_edited=&#8220;off|desktop&#8220; _builder_version=&#8220;4.27.4&#8243; _module_preset=&#8220;default&#8220; title_font=&#8220;OakSans-Regular||||||||&#8220; title_font_size=&#8220;25px&#8220; custom_margin=&#8220;40px||0px||false|false&#8220; custom_padding=&#8220;||0px||false|false&#8220; hover_enabled=&#8220;0&#8243; title_font_size_tablet=&#8220;40px&#8220; title_font_size_phone=&#8220;20px&#8220; title_font_size_last_edited=&#8220;on|phone&#8220; global_colors_info=&#8220;{}&#8220; title_level=&#8220;h3&#8243; sticky_enabled=&#8220;0&#8243;][\/et_pb_heading][et_pb_text _builder_version=&#8220;4.27.4&#8243; _module_preset=&#8220;default&#8220; text_font=&#8220;OakSans-Light||||||||&#8220; text_font_size=&#8220;18px&#8220; text_line_height=&#8220;30px&#8220; text_font_size_tablet=&#8220;25px&#8220; text_font_size_phone=&#8220;16px&#8220; text_font_size_last_edited=&#8220;on|phone&#8220; text_line_height_tablet=&#8220;30px&#8220; text_line_height_phone=&#8220;&#8220; text_line_height_last_edited=&#8220;on|phone&#8220; global_colors_info=&#8220;{}&#8220;]<\/p>\n<p><strong>Privacy Policy<\/strong><\/p>\n<p>The operators of these pages take the protection of your personal data very seriously. We treat your personal data confidentially and in accordance with the statutory data protection regulations and this privacy policy.<\/p>\n<p>When you use this website, various personal data is collected. Personal data is data that can be used to identify you personally. This privacy policy explains what data we collect and what we use it for. It also explains how and for what purpose this is done.<\/p>\n<p>We would like to point out that data transmission over the Internet (e.g. when communicating by email) may be subject to security vulnerabilities. Complete protection of data against access by third parties is not possible.<\/p>\n<p><strong>Note on the responsible party<\/strong><\/p>\n<p>The responsible party for data processing on this website is:<\/p>\n<p><strong>H\u00f6fer Ventronic GmbH<\/strong><br \/>Dierdorfer Strasse 369<br \/>56566 Neuwied<br \/>E-Mail: info@ventronic.com<\/p>\n<p>The responsible party is the natural or legal person who alone or jointly with others determines the purposes and means of the processing of personal data (e.g. names, email addresses, etc.).<\/p>\n<p><strong>Retention period<\/strong><\/p>\n<p>Unless a more specific storage period has been specified in this privacy policy, your personal data will remain with us until the purpose for data processing no longer applies. If you assert a justified request for deletion or revoke your consent to data processing, your data will be deleted unless we have other legally permissible reasons for storing your personal data (e.g. retention periods under tax or commercial law); in the latter case, the deletion will take place after these reasons no longer apply.<\/p>\n<p><strong>General information on the legal basis for data processing on this website<\/strong><\/p>\n<p>If you have consented to data processing, we process your personal data on the basis of Art. 6 para. 1 lit. a GDPR or Art. 9 para. 2 lit. a GDPR, insofar as special categories of data are processed in accordance with Art. 9 para. 1 GDPR. In the event of express consent to the transfer of personal data to third countries, data processing is also carried out on the basis of Art. 49 para. 1 lit. a GDPR. If you have consented to the storage of cookies or access to information in your end device (e.g. via device fingerprinting), the data processing is also carried out on the basis of Section 25 (1) TTDSG. Consent can be revoked at any time. If your data is required to fulfill the contract or to carry out pre-contractual measures, we process your data on the basis of Art. 6 para. 1 lit. b GDPR. Furthermore, we process your data if this is necessary to fulfill a legal obligation on the basis of Art. 6 para. 1 lit. c GDPR. Data processing may also be carried out on the basis of our legitimate interest in accordance with Art. 6 para. 1 lit. f GDPR. Information on the relevant legal bases in each individual case is provided in the following paragraphs of this privacy policy.<\/p>\n<p><strong>Revoking your consent to the data agreement<\/strong><\/p>\n<p>Many data processing operations are only possible with your express consent. You can withdraw your consent at any time. The legality of the data processing carried out until the revocation remains unaffected by the revocation.<\/p>\n<p><strong>Right to object to the collection of data in special cases and to direct marketing (Art. 21 GDPR)<\/strong><\/p>\n<p>If data processing is carried out on the basis of Art. 6 para. 1 lit. e or f GDPR, you have the right to object to the processing of your personal data at any time for reasons arising from your particular situation; this also applies to profiling based on these provisions. The respective legal basis on which processing is based can be found in this privacy policy. If you object, we will no longer process your personal data concerned unless we can demonstrate compelling legitimate grounds for the processing which override your interests, rights and freedoms or the processing serves the establishment, exercise or defense of legal claims (objection pursuant to Art. 21 (1) GDPR).<\/p>\n<p>If your personal data are processed for the purpose of direct marketing, you have the right to object at any time to the processing of personal data concerning you for the purpose of such marketing; this also applies to profiling insofar as it is associated with such direct marketing. If you object, your personal data will subsequently no longer be used for the purpose of direct marketing (objection pursuant to Art. 21 (2) GDPR).<\/p>\n<p><strong>Right to lodge a complaint with the competent supervisory authority<\/strong><\/p>\n<p>In the event of breaches of the GDPR, data subjects have the right to lodge a complaint with a supervisory authority, in particular in the Member State of their habitual residence, place of work or place of the alleged infringement. The right to lodge a complaint is without prejudice to other administrative or judicial remedies.<\/p>\n<p><strong>Right to data portability<\/strong><\/p>\n<p>You have the right to receive data that we process automatically based on your consent or in fulfillment of a contract, in a commonly used, machine-readable format, either for yourself or \nfor transfer to a third party. If you request the direct transfer of the data to another controller, this will only be done where technically feasible.<\/p>\n<p><strong>Access, Rectification, and Erasure of Data<\/strong><\/p>\n<p>In accordance with applicable data protection laws, you have the right to obtain, at any time and free of charge, information about your stored personal data, its origin and recipients, and the purpose of the data processing. You also have the right to request the rectification or erasure of your personal data, where applicable.\nIf you have any questions regarding your personal data, you may contact us at any time.<\/p>\n<p><strong>Right to restriction of processing<\/strong><\/p>\n<p>You have the right to request the restriction of the processing of your personal data. To do so, you can contact us at any time.\nThe right to restriction of processing applies in the following cases:<\/p>\n<ul>\n<li>If you dispute the accuracy of your personal data stored by us, we will usually need time to verify this. During the verification period, you have the right to request the restriction of the processing of your personal data.<\/li>\n<li>If the processing of your personal data has been or is being carried out unlawfully, you may request the restriction of processing instead of erasure.<\/li>\n<li>If we no longer need your personal data, but you require it for the establishment, exercise, or defense of legal claims, you have the right to request the restriction of processing instead of deletion.<\/li>\n<li>If you have objected to processing pursuant to Article 21(1) GDPR, a balancing of interests must be carried out. Until it is determined whose interests prevail, you have the right to request the restriction of the processing of your personal data.<\/li>\n<\/ul>\n<p>If you have restricted the processing of your personal data, such data \u2013 apart from being stored \u2013 may only be processed with your consent or for the establishment, exercise, or defense of legal claims, for the protection of the rights of another natural or legal person, or for reasons of important public interest of the European Union or a Member State.<\/p>\n<p><strong>SSL or TLS encryption<\/strong><\/p>\n<p>This site uses SSL or TLS encryption for security reasons and to protect the transmission of confidential content, such as orders or inquiries that you send to us as the site operator. You can recognize an encrypted connection by the fact that the address line of the browser changes from \u201chttp:\/\/\u201d to \u201chttps:\/\/\u201d and by the lock symbol in your browser line.<\/p>\n<p>If SSL or TLS encryption is activated, the data you transmit to us cannot be read by third parties.<\/p>\n<p>[\/et_pb_text][et_pb_heading title=&#8220;Plugins und Tools&#8220; title_last_edited=&#8220;off|desktop&#8220; _builder_version=&#8220;4.27.4&#8243; _module_preset=&#8220;default&#8220; title_font=&#8220;OakSans-Regular||||||||&#8220; title_font_size=&#8220;25px&#8220; custom_margin=&#8220;40px||0px||false|false&#8220; custom_padding=&#8220;||0px||false|false&#8220; hover_enabled=&#8220;0&#8243; title_font_size_tablet=&#8220;40px&#8220; title_font_size_phone=&#8220;20px&#8220; title_font_size_last_edited=&#8220;on|phone&#8220; global_colors_info=&#8220;{}&#8220; title_level=&#8220;h3&#8243; sticky_enabled=&#8220;0&#8243;][\/et_pb_heading][et_pb_text _builder_version=&#8220;4.27.4&#8243; _module_preset=&#8220;default&#8220; text_font=&#8220;OakSans-Light||||||||&#8220; text_font_size=&#8220;18px&#8220; text_line_height=&#8220;30px&#8220; hover_enabled=&#8220;0&#8243; text_font_size_tablet=&#8220;25px&#8220; text_font_size_phone=&#8220;16px&#8220; text_font_size_last_edited=&#8220;on|phone&#8220; text_line_height_tablet=&#8220;30px&#8220; text_line_height_phone=&#8220;&#8220; text_line_height_last_edited=&#8220;on|phone&#8220; global_colors_info=&#8220;{}&#8220; sticky_enabled=&#8220;0&#8243;]<\/p>\n<p>This site uses so-called Google Fonts, which are provided by Google, for the uniform display of fonts. Google Fonts are installed locally. There is no connection to Google servers.<\/p>\n<p>Further information about Google Fonts can be found at\u00a0<a href=\"https:\/\/developers.google.com\/fonts\/faq\" target=\"_blank\" rel=\"noopener noreferrer\">https:\/\/developers.google.com\/fonts\/faq<\/a>\u00a0and in Google's privacy policy:\u00a0<a href=\"https:\/\/policies.google.com\/privacy?hl=de\" target=\"_blank\" rel=\"noopener noreferrer\">https:\/\/policies.google.com\/privacy?hl=de<\/a>.<\/p>\n<p>We use the \u201cReal Cookie Banner\u201d consent tool to manage the cookies and similar technologies used (tracking pixels, web beacons, etc.) and related consents. You can find details on how \u201cReal Cookie Banner\u201d works at https:\/\/devowl.io\/de\/rcb\/datenverarbeitung<\/p>\n<p>The legal basis for the processing of personal data in this context is Art. 6 para. 1 lit. c GDPR and Art. 6 para. 1 lit. f GDPR. Our legitimate interest is the management of the cookies and similar technologies used and the related consents.<\/p>\n<p>The provision of personal data is neither contractually required nor necessary for the conclusion of a contract. You are not obliged to provide the personal data. If you do not provide the personal data, we will not be able to manage your consent.<\/p>\n<p>Source:\u00a0<a href=\"https:\/\/www.e-recht24.de\/\">https:\/\/www.e-recht24.de<\/a><\/p>\n<p>[\/et_pb_text][\/et_pb_column][\/et_pb_row][\/et_pb_section]<\/p>","protected":false},"excerpt":{"rendered":"<p>Die folgenden Hinweise geben einen einfachen \u00dcberblick dar\u00fcber, was mit Ihren personenbezogenen Daten passiert, wenn Sie diese Website besuchen. Personenbezogene Daten sind alle Daten, mit denen Sie pers\u00f6nlich identifiziert werden k\u00f6nnen. Ausf\u00fchrliche Informationen zum Thema Datenschutz entnehmen Sie unserer unter diesem Text aufgef\u00fchrten Datenschutzerkl\u00e4rung.Wer ist verantwortlich f\u00fcr die Datenerfassung auf dieser Website?Die Datenverarbeitung auf dieser [&hellip;]<\/p>","protected":false},"author":1,"featured_media":0,"parent":0,"menu_order":0,"comment_status":"closed","ping_status":"closed","template":"","meta":{"_et_pb_use_builder":"on","_et_pb_old_content":"<!-- wp:divi\/placeholder \/-->","_et_gb_content_width":"","footnotes":""},"class_list":["post-40","page","type-page","status-publish","hentry"],"_links":{"self":[{"href":"https:\/\/ventronic.com\/en\/wp-json\/wp\/v2\/pages\/40","targetHints":{"allow":["GET"]}}],"collection":[{"href":"https:\/\/ventronic.com\/en\/wp-json\/wp\/v2\/pages"}],"about":[{"href":"https:\/\/ventronic.com\/en\/wp-json\/wp\/v2\/types\/page"}],"author":[{"embeddable":true,"href":"https:\/\/ventronic.com\/en\/wp-json\/wp\/v2\/users\/1"}],"replies":[{"embeddable":true,"href":"https:\/\/ventronic.com\/en\/wp-json\/wp\/v2\/comments?post=40"}],"version-history":[{"count":6,"href":"https:\/\/ventronic.com\/en\/wp-json\/wp\/v2\/pages\/40\/revisions"}],"predecessor-version":[{"id":926,"href":"https:\/\/ventronic.com\/en\/wp-json\/wp\/v2\/pages\/40\/revisions\/926"}],"wp:attachment":[{"href":"https:\/\/ventronic.com\/en\/wp-json\/wp\/v2\/media?parent=40"}],"curies":[{"name":"wp","href":"https:\/\/api.w.org\/{rel}","templated":true}]}}